{"id":105,"date":"2024-08-07T10:03:36","date_gmt":"2024-08-07T13:03:36","guid":{"rendered":"https:\/\/jhsservicos.com.br\/?page_id=105"},"modified":"2024-08-07T10:23:49","modified_gmt":"2024-08-07T13:23:49","slug":"servicos","status":"publish","type":"page","link":"https:\/\/jhsservicos.com.br\/index.php\/servicos\/","title":{"rendered":"Servi\u00e7os"},"content":{"rendered":"\t\t<div data-elementor-type=\"wp-page\" data-elementor-id=\"105\" class=\"elementor elementor-105\" data-elementor-post-type=\"page\">\n\t\t\t\t<div class=\"elementor-element elementor-element-214fe2c1 e-flex e-con-boxed e-con e-parent\" data-id=\"214fe2c1\" data-element_type=\"container\" data-settings=\"{&quot;background_background&quot;:&quot;classic&quot;}\">\n\t\t\t\t\t<div class=\"e-con-inner\">\n\t\t\t\t<div class=\"elementor-element elementor-element-611dc9a8 elementor-widget elementor-widget-heading\" data-id=\"611dc9a8\" data-element_type=\"widget\" data-widget_type=\"heading.default\">\n\t\t\t\t<div class=\"elementor-widget-container\">\n\t\t\t\t\t<h2 class=\"elementor-heading-title elementor-size-default\">Nossos Servi\u00e7os<\/h2>\t\t\t\t<\/div>\n\t\t\t\t<\/div>\n\t\t\t\t<div class=\"elementor-element elementor-element-59f837c5 elementor-widget elementor-widget-text-editor\" data-id=\"59f837c5\" data-element_type=\"widget\" data-widget_type=\"text-editor.default\">\n\t\t\t\t<div class=\"elementor-widget-container\">\n\t\t\t\t\t\t\t\t\t<p>Transformando sonhos em realidade. Descubra nossos servi\u00e7os de constru\u00e7\u00e3o e renova\u00e7\u00e3o:<\/p>\t\t\t\t\t\t\t\t<\/div>\n\t\t\t\t<\/div>\n\t\t\t\t\t<\/div>\n\t\t\t\t<\/div>\n\t\t<div class=\"elementor-element elementor-element-92221b8 e-flex e-con-boxed e-con e-parent\" data-id=\"92221b8\" data-element_type=\"container\" data-settings=\"{&quot;background_background&quot;:&quot;classic&quot;}\">\n\t\t\t\t\t<div class=\"e-con-inner\">\n\t\t<div class=\"elementor-element elementor-element-6946fc58 e-con-full e-flex e-con e-child\" data-id=\"6946fc58\" data-element_type=\"container\">\n\t\t\t\t<div class=\"elementor-element elementor-element-fddce41 elementor-position-top elementor-widget elementor-widget-image-box\" data-id=\"fddce41\" data-element_type=\"widget\" data-widget_type=\"image-box.default\">\n\t\t\t\t<div class=\"elementor-widget-container\">\n\t\t\t\t\t<div class=\"elementor-image-box-wrapper\"><figure class=\"elementor-image-box-img\"><img fetchpriority=\"high\" decoding=\"async\" width=\"626\" height=\"417\" src=\"https:\/\/jhsservicos.com.br\/wp-content\/uploads\/2024\/08\/serv4.png\" class=\"attachment-full size-full wp-image-96\" alt=\"\" srcset=\"https:\/\/jhsservicos.com.br\/wp-content\/uploads\/2024\/08\/serv4.png 626w, https:\/\/jhsservicos.com.br\/wp-content\/uploads\/2024\/08\/serv4-300x200.png 300w\" sizes=\"(max-width: 626px) 100vw, 626px\" \/><\/figure><div class=\"elementor-image-box-content\"><h3 class=\"elementor-image-box-title\">Obras e Reformas Comerciais<\/h3><p class=\"elementor-image-box-description\">Retrofit, Remodela\u00e7\u00e3o, Instala\u00e7\u00f5es hidr\u00e1ulicas e eletricas, impermeabiliza\u00e7\u00e3o, entre outros.<\/p><\/div><\/div>\t\t\t\t<\/div>\n\t\t\t\t<\/div>\n\t\t\t\t<\/div>\n\t\t<div class=\"elementor-element elementor-element-435c24f1 e-con-full e-flex e-con e-child\" data-id=\"435c24f1\" data-element_type=\"container\">\n\t\t\t\t<div class=\"elementor-element elementor-element-d1373c0 elementor-position-top elementor-widget elementor-widget-image-box\" data-id=\"d1373c0\" data-element_type=\"widget\" data-widget_type=\"image-box.default\">\n\t\t\t\t<div class=\"elementor-widget-container\">\n\t\t\t\t\t<div class=\"elementor-image-box-wrapper\"><figure class=\"elementor-image-box-img\"><img decoding=\"async\" width=\"626\" height=\"417\" src=\"https:\/\/jhsservicos.com.br\/wp-content\/uploads\/2024\/08\/serv2.png\" class=\"attachment-full size-full wp-image-97\" alt=\"\" srcset=\"https:\/\/jhsservicos.com.br\/wp-content\/uploads\/2024\/08\/serv2.png 626w, https:\/\/jhsservicos.com.br\/wp-content\/uploads\/2024\/08\/serv2-300x200.png 300w\" sizes=\"(max-width: 626px) 100vw, 626px\" \/><\/figure><div class=\"elementor-image-box-content\"><h3 class=\"elementor-image-box-title\">Obras e Reformas Residenciais<\/h3><p class=\"elementor-image-box-description\">Retrofit, Remodela\u00e7\u00e3o, Instala\u00e7\u00f5es hidr\u00e1ulicas e eletricas, impermeabiliza\u00e7\u00e3o, entre outros.<\/p><\/div><\/div>\t\t\t\t<\/div>\n\t\t\t\t<\/div>\n\t\t\t\t<\/div>\n\t\t<div class=\"elementor-element elementor-element-678b7c91 e-con-full e-flex e-con e-child\" data-id=\"678b7c91\" data-element_type=\"container\">\n\t\t\t\t<div class=\"elementor-element elementor-element-605be2f8 elementor-position-top elementor-widget elementor-widget-image-box\" data-id=\"605be2f8\" data-element_type=\"widget\" data-widget_type=\"image-box.default\">\n\t\t\t\t<div class=\"elementor-widget-container\">\n\t\t\t\t\t<div class=\"elementor-image-box-wrapper\"><figure class=\"elementor-image-box-img\"><img decoding=\"async\" width=\"626\" height=\"417\" src=\"https:\/\/jhsservicos.com.br\/wp-content\/uploads\/2024\/08\/serv1.png\" class=\"attachment-full size-full wp-image-98\" alt=\"\" srcset=\"https:\/\/jhsservicos.com.br\/wp-content\/uploads\/2024\/08\/serv1.png 626w, https:\/\/jhsservicos.com.br\/wp-content\/uploads\/2024\/08\/serv1-300x200.png 300w\" sizes=\"(max-width: 626px) 100vw, 626px\" \/><\/figure><div class=\"elementor-image-box-content\"><h3 class=\"elementor-image-box-title\">Solu\u00e7\u00f5es em Madeira<\/h3><p class=\"elementor-image-box-description\">Cobertas, decks, forros, assoalhos, escadas, pain\u00e9is, pergolados, peitoris, arm\u00e1rios de shaft\u2019s, corrim\u00e3o, esquadrias e muito mais.<\/p><\/div><\/div>\t\t\t\t<\/div>\n\t\t\t\t<\/div>\n\t\t\t\t<\/div>\n\t\t\t\t\t<\/div>\n\t\t\t\t<\/div>\n\t\t\t\t<\/div>\n\t\t","protected":false},"excerpt":{"rendered":"<p>Nossos Servi\u00e7os Transformando sonhos em realidade. Descubra nossos servi\u00e7os de constru\u00e7\u00e3o e renova\u00e7\u00e3o: Obras e Reformas Comerciais Retrofit, Remodela\u00e7\u00e3o, Instala\u00e7\u00f5es hidr\u00e1ulicas e eletricas, impermeabiliza\u00e7\u00e3o, entre outros. Obras e Reformas Residenciais Retrofit, Remodela\u00e7\u00e3o, Instala\u00e7\u00f5es hidr\u00e1ulicas e eletricas, impermeabiliza\u00e7\u00e3o, entre outros. Solu\u00e7\u00f5es em Madeira Cobertas, decks, forros, assoalhos, escadas, pain\u00e9is, pergolados, peitoris, arm\u00e1rios de shaft\u2019s, corrim\u00e3o, esquadrias [&hellip;]<\/p>\n","protected":false},"author":1,"featured_media":0,"parent":0,"menu_order":0,"comment_status":"closed","ping_status":"closed","template":"elementor_header_footer","meta":{"_joinchat":[],"footnotes":""},"class_list":["post-105","page","type-page","status-publish","hentry"],"_links":{"self":[{"href":"https:\/\/jhsservicos.com.br\/index.php\/wp-json\/wp\/v2\/pages\/105","targetHints":{"allow":["GET"]}}],"collection":[{"href":"https:\/\/jhsservicos.com.br\/index.php\/wp-json\/wp\/v2\/pages"}],"about":[{"href":"https:\/\/jhsservicos.com.br\/index.php\/wp-json\/wp\/v2\/types\/page"}],"author":[{"embeddable":true,"href":"https:\/\/jhsservicos.com.br\/index.php\/wp-json\/wp\/v2\/users\/1"}],"replies":[{"embeddable":true,"href":"https:\/\/jhsservicos.com.br\/index.php\/wp-json\/wp\/v2\/comments?post=105"}],"version-history":[{"count":7,"href":"https:\/\/jhsservicos.com.br\/index.php\/wp-json\/wp\/v2\/pages\/105\/revisions"}],"predecessor-version":[{"id":129,"href":"https:\/\/jhsservicos.com.br\/index.php\/wp-json\/wp\/v2\/pages\/105\/revisions\/129"}],"wp:attachment":[{"href":"https:\/\/jhsservicos.com.br\/index.php\/wp-json\/wp\/v2\/media?parent=105"}],"curies":[{"name":"wp","href":"https:\/\/api.w.org\/{rel}","templated":true}]}}