{"id":84,"date":"2024-08-07T10:01:58","date_gmt":"2024-08-07T13:01:58","guid":{"rendered":"https:\/\/jhsservicos.com.br\/?page_id=84"},"modified":"2024-08-07T10:04:23","modified_gmt":"2024-08-07T13:04:23","slug":"sobre","status":"publish","type":"page","link":"https:\/\/jhsservicos.com.br\/index.php\/sobre\/","title":{"rendered":"Sobre N\u00f3s"},"content":{"rendered":"\t\t<div data-elementor-type=\"wp-page\" data-elementor-id=\"84\" class=\"elementor elementor-84\" data-elementor-post-type=\"page\">\n\t\t\t\t<div class=\"elementor-element elementor-element-5f6acc04 e-flex e-con-boxed e-con e-parent\" data-id=\"5f6acc04\" data-element_type=\"container\" data-settings=\"{&quot;background_background&quot;:&quot;classic&quot;}\">\n\t\t\t\t\t<div class=\"e-con-inner\">\n\t\t<div class=\"elementor-element elementor-element-50bebc56 e-con-full e-flex e-con e-child\" data-id=\"50bebc56\" data-element_type=\"container\">\n\t\t\t\t<div class=\"elementor-element elementor-element-4d2f810b elementor-widget elementor-widget-heading\" data-id=\"4d2f810b\" data-element_type=\"widget\" data-widget_type=\"heading.default\">\n\t\t\t\t<div class=\"elementor-widget-container\">\n\t\t\t\t\t<h3 class=\"elementor-heading-title elementor-size-default\">Sobre N\u00f3s<\/h3>\t\t\t\t<\/div>\n\t\t\t\t<\/div>\n\t\t\t\t<div class=\"elementor-element elementor-element-194d9475 elementor-widget elementor-widget-text-editor\" data-id=\"194d9475\" data-element_type=\"widget\" data-widget_type=\"text-editor.default\">\n\t\t\t\t<div class=\"elementor-widget-container\">\n\t\t\t\t\t\t\t\t\t<p>Com forte atua\u00e7\u00e3o no mercado, a JHS Solu\u00e7\u00f5es em Madeira e Constru\u00e7\u00e3o Civil \u00e9 uma empresa comprometida com a excel\u00eancia e a inova\u00e7\u00e3o.<\/p><p>Com uma equipe qualificada e experiente, estamos prontos para enfrentar desafios e materializar ideias, seja em projetos residenciais ou comerciais.<\/p><p>Nossa expertise se estende tamb\u00e9m \u00e0 constru\u00e7\u00e3o em madeira, proporcionando op\u00e7\u00f5es personalizadas e sustent\u00e1veis para diversos ambientes.<\/p>\t\t\t\t\t\t\t\t<\/div>\n\t\t\t\t<\/div>\n\t\t\t\t<\/div>\n\t\t<div class=\"elementor-element elementor-element-4d671227 e-con-full e-flex e-con e-child\" data-id=\"4d671227\" data-element_type=\"container\">\n\t\t<div class=\"elementor-element elementor-element-550fe2f2 e-con-full e-flex e-con e-child\" data-id=\"550fe2f2\" data-element_type=\"container\">\n\t\t\t\t<div class=\"elementor-element elementor-element-6cef32ee elementor-widget elementor-widget-image\" data-id=\"6cef32ee\" data-element_type=\"widget\" data-widget_type=\"image.default\">\n\t\t\t\t<div class=\"elementor-widget-container\">\n\t\t\t\t\t\t\t\t\t\t\t\t\t\t\t<img fetchpriority=\"high\" decoding=\"async\" width=\"626\" height=\"416\" src=\"https:\/\/jhsservicos.com.br\/wp-content\/uploads\/2024\/08\/Sem-Titulo-1.png\" class=\"attachment-large size-large wp-image-86\" alt=\"\" srcset=\"https:\/\/jhsservicos.com.br\/wp-content\/uploads\/2024\/08\/Sem-Titulo-1.png 626w, https:\/\/jhsservicos.com.br\/wp-content\/uploads\/2024\/08\/Sem-Titulo-1-300x199.png 300w\" sizes=\"(max-width: 626px) 100vw, 626px\" \/>\t\t\t\t\t\t\t\t\t\t\t\t\t\t\t<\/div>\n\t\t\t\t<\/div>\n\t\t\t\t<div class=\"elementor-element elementor-element-87b3369 elementor-widget elementor-widget-image\" data-id=\"87b3369\" data-element_type=\"widget\" data-widget_type=\"image.default\">\n\t\t\t\t<div class=\"elementor-widget-container\">\n\t\t\t\t\t\t\t\t\t\t\t\t\t\t\t<img decoding=\"async\" width=\"626\" height=\"416\" src=\"https:\/\/jhsservicos.com.br\/wp-content\/uploads\/2024\/08\/Sem-Titulo-2.png\" class=\"attachment-large size-large wp-image-87\" alt=\"\" srcset=\"https:\/\/jhsservicos.com.br\/wp-content\/uploads\/2024\/08\/Sem-Titulo-2.png 626w, https:\/\/jhsservicos.com.br\/wp-content\/uploads\/2024\/08\/Sem-Titulo-2-300x199.png 300w\" sizes=\"(max-width: 626px) 100vw, 626px\" \/>\t\t\t\t\t\t\t\t\t\t\t\t\t\t\t<\/div>\n\t\t\t\t<\/div>\n\t\t\t\t<\/div>\n\t\t<div class=\"elementor-element elementor-element-665a2e6 e-con-full e-flex e-con e-child\" data-id=\"665a2e6\" data-element_type=\"container\">\n\t\t\t\t<div class=\"elementor-element elementor-element-6a746806 elementor-widget elementor-widget-image\" data-id=\"6a746806\" data-element_type=\"widget\" data-widget_type=\"image.default\">\n\t\t\t\t<div class=\"elementor-widget-container\">\n\t\t\t\t\t\t\t\t\t\t\t\t\t\t\t<img decoding=\"async\" width=\"626\" height=\"416\" src=\"https:\/\/jhsservicos.com.br\/wp-content\/uploads\/2024\/08\/Sem-Titulo-3.png\" class=\"attachment-large size-large wp-image-88\" alt=\"\" srcset=\"https:\/\/jhsservicos.com.br\/wp-content\/uploads\/2024\/08\/Sem-Titulo-3.png 626w, https:\/\/jhsservicos.com.br\/wp-content\/uploads\/2024\/08\/Sem-Titulo-3-300x199.png 300w\" sizes=\"(max-width: 626px) 100vw, 626px\" \/>\t\t\t\t\t\t\t\t\t\t\t\t\t\t\t<\/div>\n\t\t\t\t<\/div>\n\t\t\t\t<div class=\"elementor-element elementor-element-67dd65f elementor-widget elementor-widget-image\" data-id=\"67dd65f\" data-element_type=\"widget\" data-widget_type=\"image.default\">\n\t\t\t\t<div class=\"elementor-widget-container\">\n\t\t\t\t\t\t\t\t\t\t\t\t\t\t\t<img loading=\"lazy\" decoding=\"async\" width=\"417\" height=\"417\" src=\"https:\/\/jhsservicos.com.br\/wp-content\/uploads\/2024\/08\/Sem-Titulo-5.png\" class=\"attachment-large size-large wp-image-89\" alt=\"\" srcset=\"https:\/\/jhsservicos.com.br\/wp-content\/uploads\/2024\/08\/Sem-Titulo-5.png 417w, https:\/\/jhsservicos.com.br\/wp-content\/uploads\/2024\/08\/Sem-Titulo-5-300x300.png 300w, https:\/\/jhsservicos.com.br\/wp-content\/uploads\/2024\/08\/Sem-Titulo-5-150x150.png 150w\" sizes=\"(max-width: 417px) 100vw, 417px\" \/>\t\t\t\t\t\t\t\t\t\t\t\t\t\t\t<\/div>\n\t\t\t\t<\/div>\n\t\t\t\t<\/div>\n\t\t\t\t<\/div>\n\t\t\t\t\t<\/div>\n\t\t\t\t<\/div>\n\t\t<div class=\"elementor-element elementor-element-861d4b9 e-con-full e-flex e-con e-parent\" data-id=\"861d4b9\" data-element_type=\"container\" data-settings=\"{&quot;background_background&quot;:&quot;classic&quot;}\">\n\t\t<div class=\"elementor-element elementor-element-5cb85f9f e-con-full e-flex e-con e-child\" data-id=\"5cb85f9f\" data-element_type=\"container\">\n\t\t<div class=\"elementor-element elementor-element-76053d7c e-con-full e-flex e-con e-child\" data-id=\"76053d7c\" data-element_type=\"container\">\n\t\t\t\t<div class=\"elementor-element elementor-element-4ecdd247 elementor-widget elementor-widget-heading\" data-id=\"4ecdd247\" data-element_type=\"widget\" data-widget_type=\"heading.default\">\n\t\t\t\t<div class=\"elementor-widget-container\">\n\t\t\t\t\t<h2 class=\"elementor-heading-title elementor-size-default\">Miss\u00e3o<\/h2>\t\t\t\t<\/div>\n\t\t\t\t<\/div>\n\t\t\t\t<div class=\"elementor-element elementor-element-64d29897 elementor-widget elementor-widget-text-editor\" data-id=\"64d29897\" data-element_type=\"widget\" data-widget_type=\"text-editor.default\">\n\t\t\t\t<div class=\"elementor-widget-container\">\n\t\t\t\t\t\t\t\t\t<p>Buscar a satisfa\u00e7\u00e3o dos nossos clientes atrav\u00e9s da qualidade, credibilidade e confian\u00e7a.<\/p>\t\t\t\t\t\t\t\t<\/div>\n\t\t\t\t<\/div>\n\t\t\t\t<\/div>\n\t\t<div class=\"elementor-element elementor-element-6fd06a48 e-con-full e-flex e-con e-child\" data-id=\"6fd06a48\" data-element_type=\"container\">\n\t\t\t\t<div class=\"elementor-element elementor-element-4e6c4aee elementor-widget elementor-widget-heading\" data-id=\"4e6c4aee\" data-element_type=\"widget\" data-widget_type=\"heading.default\">\n\t\t\t\t<div class=\"elementor-widget-container\">\n\t\t\t\t\t<h2 class=\"elementor-heading-title elementor-size-default\">Vis\u00e3o<\/h2>\t\t\t\t<\/div>\n\t\t\t\t<\/div>\n\t\t\t\t<div class=\"elementor-element elementor-element-36ff345c elementor-widget elementor-widget-text-editor\" data-id=\"36ff345c\" data-element_type=\"widget\" data-widget_type=\"text-editor.default\">\n\t\t\t\t<div class=\"elementor-widget-container\">\n\t\t\t\t\t\t\t\t\t<p>Ser o referencial no segmento de servi\u00e7os da constru\u00e7\u00e3o civil, com especialidade em servi\u00e7os de madeira, manter o diferencial de atendimento, a entrega dos servi\u00e7os com profissionalismo e agregar valor aos projetos de nossos clientes.<\/p>\t\t\t\t\t\t\t\t<\/div>\n\t\t\t\t<\/div>\n\t\t\t\t<\/div>\n\t\t<div class=\"elementor-element elementor-element-340fff5b e-con-full e-flex e-con e-child\" data-id=\"340fff5b\" data-element_type=\"container\">\n\t\t\t\t<div class=\"elementor-element elementor-element-433dbe37 elementor-widget elementor-widget-heading\" data-id=\"433dbe37\" data-element_type=\"widget\" data-widget_type=\"heading.default\">\n\t\t\t\t<div class=\"elementor-widget-container\">\n\t\t\t\t\t<h2 class=\"elementor-heading-title elementor-size-default\">Valores<\/h2>\t\t\t\t<\/div>\n\t\t\t\t<\/div>\n\t\t\t\t<div class=\"elementor-element elementor-element-12a823a6 elementor-widget elementor-widget-text-editor\" data-id=\"12a823a6\" data-element_type=\"widget\" data-widget_type=\"text-editor.default\">\n\t\t\t\t<div class=\"elementor-widget-container\">\n\t\t\t\t\t\t\t\t\t<p>Excel\u00eancia<\/p><p>Inova\u00e7\u00e3o<\/p><p>Compromisso<\/p><p>Aten\u00e7\u00e3o ao Cliente<\/p><p>Sustentabilidade<\/p><p>Prazo e Efici\u00eancia<\/p><p>Responsabilidade Social<\/p>\t\t\t\t\t\t\t\t<\/div>\n\t\t\t\t<\/div>\n\t\t\t\t<\/div>\n\t\t\t\t<\/div>\n\t\t\t\t<\/div>\n\t\t<div class=\"elementor-element elementor-element-4b6cf6ee e-flex e-con-boxed e-con e-parent\" data-id=\"4b6cf6ee\" data-element_type=\"container\">\n\t\t\t\t\t<div class=\"e-con-inner\">\n\t\t\t\t\t<\/div>\n\t\t\t\t<\/div>\n\t\t\t\t<\/div>\n\t\t","protected":false},"excerpt":{"rendered":"<p>Sobre N\u00f3s Com forte atua\u00e7\u00e3o no mercado, a JHS Solu\u00e7\u00f5es em Madeira e Constru\u00e7\u00e3o Civil \u00e9 uma empresa comprometida com a excel\u00eancia e a inova\u00e7\u00e3o. Com uma equipe qualificada e experiente, estamos prontos para enfrentar desafios e materializar ideias, seja em projetos residenciais ou comerciais. Nossa expertise se estende tamb\u00e9m \u00e0 constru\u00e7\u00e3o em madeira, proporcionando [&hellip;]<\/p>\n","protected":false},"author":1,"featured_media":0,"parent":0,"menu_order":0,"comment_status":"closed","ping_status":"closed","template":"elementor_header_footer","meta":{"_joinchat":[],"footnotes":""},"class_list":["post-84","page","type-page","status-publish","hentry"],"_links":{"self":[{"href":"https:\/\/jhsservicos.com.br\/index.php\/wp-json\/wp\/v2\/pages\/84","targetHints":{"allow":["GET"]}}],"collection":[{"href":"https:\/\/jhsservicos.com.br\/index.php\/wp-json\/wp\/v2\/pages"}],"about":[{"href":"https:\/\/jhsservicos.com.br\/index.php\/wp-json\/wp\/v2\/types\/page"}],"author":[{"embeddable":true,"href":"https:\/\/jhsservicos.com.br\/index.php\/wp-json\/wp\/v2\/users\/1"}],"replies":[{"embeddable":true,"href":"https:\/\/jhsservicos.com.br\/index.php\/wp-json\/wp\/v2\/comments?post=84"}],"version-history":[{"count":5,"href":"https:\/\/jhsservicos.com.br\/index.php\/wp-json\/wp\/v2\/pages\/84\/revisions"}],"predecessor-version":[{"id":110,"href":"https:\/\/jhsservicos.com.br\/index.php\/wp-json\/wp\/v2\/pages\/84\/revisions\/110"}],"wp:attachment":[{"href":"https:\/\/jhsservicos.com.br\/index.php\/wp-json\/wp\/v2\/media?parent=84"}],"curies":[{"name":"wp","href":"https:\/\/api.w.org\/{rel}","templated":true}]}}